{"id":377,"date":"2024-09-25T22:28:49","date_gmt":"2024-09-25T22:28:49","guid":{"rendered":"https:\/\/isolutionssa.com\/?page_id=377"},"modified":"2025-07-29T17:16:47","modified_gmt":"2025-07-29T17:16:47","slug":"seguro-de-responsabilidad-civil-para-operadores-logisticos","status":"publish","type":"page","link":"https:\/\/isolutionssa.com\/eng\/seguro-de-responsabilidad-civil-para-operadores-logisticos\/","title":{"rendered":"Liability Insurance for Logistics Operators"},"content":{"rendered":"<div data-elementor-type=\"wp-page\" data-elementor-id=\"377\" class=\"elementor elementor-377\" data-elementor-post-type=\"page\">\n\t\t\t\t\t\t<section class=\"elementor-section elementor-top-section elementor-element elementor-element-7c4d1e9a elementor-section-height-min-height elementor-section-boxed elementor-section-height-default elementor-section-items-middle elementor-invisible\" data-id=\"7c4d1e9a\" data-element_type=\"section\" data-settings=\"{&quot;background_background&quot;:&quot;classic&quot;,&quot;animation&quot;:&quot;fadeInDown&quot;}\">\n\t\t\t\t\t\t\t<div class=\"elementor-background-overlay\"><\/div>\n\t\t\t\t\t\t\t<div class=\"elementor-container elementor-column-gap-default\">\n\t\t\t\t\t<div class=\"elementor-column elementor-col-100 elementor-top-column elementor-element elementor-element-34a879ec\" data-id=\"34a879ec\" data-element_type=\"column\">\n\t\t\t<div class=\"elementor-widget-wrap elementor-element-populated\">\n\t\t\t\t\t\t\t<\/div>\n\t\t<\/div>\n\t\t\t\t\t<\/div>\n\t\t<\/section>\n\t\t\t\t<section class=\"elementor-section elementor-top-section elementor-element elementor-element-20a4530a elementor-section-boxed elementor-section-height-default elementor-section-height-default\" data-id=\"20a4530a\" data-element_type=\"section\">\n\t\t\t\t\t\t<div class=\"elementor-container elementor-column-gap-default\">\n\t\t\t\t\t<div class=\"elementor-column elementor-col-100 elementor-top-column elementor-element elementor-element-6596c21b elementor-invisible\" data-id=\"6596c21b\" data-element_type=\"column\" data-settings=\"{&quot;animation&quot;:&quot;fadeInLeft&quot;}\">\n\t\t\t<div class=\"elementor-widget-wrap elementor-element-populated\">\n\t\t\t\t\t\t<div class=\"elementor-element elementor-element-2f629fc0 elementor-widget elementor-widget-elementskit-heading\" data-id=\"2f629fc0\" data-element_type=\"widget\" data-widget_type=\"elementskit-heading.default\">\n\t\t\t\t<div class=\"elementor-widget-container\">\n\t\t\t\t\t<div class=\"ekit-wid-con\" ><div class=\"ekit-heading elementskit-section-title-wraper text_center   ekit_heading_tablet-   ekit_heading_mobile-\"><h2 class=\"ekit-heading--title elementskit-section-title\">Insurance <span><span> Logistics Operators<\/span><\/span><\/h2><\/div><\/div>\t\t\t\t<\/div>\n\t\t\t\t<\/div>\n\t\t\t\t<div class=\"elementor-element elementor-element-24e17805 elementor-widget-divider--view-line elementor-widget elementor-widget-divider\" data-id=\"24e17805\" data-element_type=\"widget\" data-widget_type=\"divider.default\">\n\t\t\t\t<div class=\"elementor-widget-container\">\n\t\t\t\t\t\t\t<div class=\"elementor-divider\">\n\t\t\t<span class=\"elementor-divider-separator\">\n\t\t\t\t\t\t<\/span>\n\t\t<\/div>\n\t\t\t\t\t\t<\/div>\n\t\t\t\t<\/div>\n\t\t\t\t<div class=\"elementor-element elementor-element-189224b1 elementor-widget__width-initial elementor-widget-mobile__width-inherit elementor-widget elementor-widget-text-editor\" data-id=\"189224b1\" data-element_type=\"widget\" data-widget_type=\"text-editor.default\">\n\t\t\t\t<div class=\"elementor-widget-container\">\n\t\t\t\t\t\t\t\t\t<p>Protects the International Freight Forwarder, granting indemnity for malpractice in its operation that generates an economic damage to its client.<\/p>\t\t\t\t\t\t\t\t<\/div>\n\t\t\t\t<\/div>\n\t\t\t\t\t<\/div>\n\t\t<\/div>\n\t\t\t\t\t<\/div>\n\t\t<\/section>\n\t\t\t\t<section class=\"elementor-section elementor-top-section elementor-element elementor-element-46c821bc elementor-section-boxed elementor-section-height-default elementor-section-height-default\" data-id=\"46c821bc\" data-element_type=\"section\" data-settings=\"{&quot;background_background&quot;:&quot;classic&quot;}\">\n\t\t\t\t\t\t\t<div class=\"elementor-background-overlay\"><\/div>\n\t\t\t\t\t\t\t<div class=\"elementor-container elementor-column-gap-default\">\n\t\t\t\t\t<div class=\"elementor-column elementor-col-100 elementor-top-column elementor-element elementor-element-3b64ae52\" data-id=\"3b64ae52\" data-element_type=\"column\">\n\t\t\t<div class=\"elementor-widget-wrap elementor-element-populated\">\n\t\t\t\t<div class=\"elementor-element elementor-element-1f3a952c e-flex e-con-boxed elementor-invisible e-con e-parent\" data-id=\"1f3a952c\" data-element_type=\"container\" data-settings=\"{&quot;animation&quot;:&quot;fadeInDown&quot;}\">\n\t\t\t\t\t<div class=\"e-con-inner\">\n\t\t\t\t<div class=\"elementor-element elementor-element-66bdcc32 elementor-widget elementor-widget-accordion\" data-id=\"66bdcc32\" data-element_type=\"widget\" data-widget_type=\"accordion.default\">\n\t\t\t\t<div class=\"elementor-widget-container\">\n\t\t\t\t\t\t\t<div class=\"elementor-accordion\">\n\t\t\t\t\t\t\t<div class=\"elementor-accordion-item\">\n\t\t\t\t\t<div id=\"elementor-tab-title-1721\" class=\"elementor-tab-title\" data-tab=\"1\" role=\"button\" aria-controls=\"elementor-tab-content-1721\" aria-expanded=\"false\">\n\t\t\t\t\t\t\t\t\t\t\t\t\t<span class=\"elementor-accordion-icon elementor-accordion-icon-left\" aria-hidden=\"true\">\n\t\t\t\t\t\t\t\t\t\t\t\t\t\t\t<span class=\"elementor-accordion-icon-closed\"><svg class=\"e-font-icon-svg e-fas-plus\" viewbox=\"0 0 448 512\" xmlns=\"http:\/\/www.w3.org\/2000\/svg\"><path d=\"M416 208H272V64c0-17.67-14.33-32-32-32h-32c-17.67 0-32 14.33-32 32v144H32c-17.67 0-32 14.33-32 32v32c0 17.67 14.33 32 32 32h144v144c0 17.67 14.33 32 32 32h32c17.67 0 32-14.33 32-32V304h144c17.67 0 32-14.33 32-32v-32c0-17.67-14.33-32-32-32z\"><\/path><\/svg><\/span>\n\t\t\t\t\t\t\t\t<span class=\"elementor-accordion-icon-opened\"><svg class=\"e-font-icon-svg e-fas-minus\" viewbox=\"0 0 448 512\" xmlns=\"http:\/\/www.w3.org\/2000\/svg\"><path d=\"M416 208H32c-17.67 0-32 14.33-32 32v32c0 17.67 14.33 32 32 32h384c17.67 0 32-14.33 32-32v-32c0-17.67-14.33-32-32-32z\"><\/path><\/svg><\/span>\n\t\t\t\t\t\t\t\t\t\t\t\t\t\t<\/span>\n\t\t\t\t\t\t\t\t\t\t\t\t<a class=\"elementor-accordion-title\" tabindex=\"0\">Coverage<\/a>\n\t\t\t\t\t<\/div>\n\t\t\t\t\t<div id=\"elementor-tab-content-1721\" class=\"elementor-tab-content elementor-clearfix\" data-tab=\"1\" role=\"region\" aria-labelledby=\"elementor-tab-title-1721\"><ul><li style=\"font-weight: 400;\" aria-level=\"1\"><span style=\"font-weight: 400;\">Loss or damage to the container.<\/span><\/li><li style=\"font-weight: 400;\" aria-level=\"1\"><span style=\"font-weight: 400;\">Loss or damage to cargo.<\/span><\/li><li style=\"font-weight: 400;\" aria-level=\"1\"><span style=\"font-weight: 400;\">Error or omission:<\/span><\/li><li style=\"font-weight: 400;\" aria-level=\"1\"><span style=\"font-weight: 400;\">Delay<\/span><\/li><li style=\"font-weight: 400;\" aria-level=\"1\"><span style=\"font-weight: 400;\">Improper delivery.<\/span><\/li><li style=\"font-weight: 400;\" aria-level=\"1\"><span style=\"font-weight: 400;\">Incorrect filling.<\/span><\/li><li style=\"font-weight: 400;\" aria-level=\"1\"><span style=\"font-weight: 400;\">Economic loss.<\/span><\/li><li style=\"font-weight: 400;\" aria-level=\"1\"><span style=\"font-weight: 400;\">Temporary storage.<\/span><\/li><\/ul><ul><li style=\"font-weight: 400;\" aria-level=\"1\"><span style=\"font-weight: 400;\">Customs formalities.<\/span><\/li><\/ul><\/div>\n\t\t\t\t<\/div>\n\t\t\t\t\t\t\t<div class=\"elementor-accordion-item\">\n\t\t\t\t\t<div id=\"elementor-tab-title-1722\" class=\"elementor-tab-title\" data-tab=\"2\" role=\"button\" aria-controls=\"elementor-tab-content-1722\" aria-expanded=\"false\">\n\t\t\t\t\t\t\t\t\t\t\t\t\t<span class=\"elementor-accordion-icon elementor-accordion-icon-left\" aria-hidden=\"true\">\n\t\t\t\t\t\t\t\t\t\t\t\t\t\t\t<span class=\"elementor-accordion-icon-closed\"><svg class=\"e-font-icon-svg e-fas-plus\" viewbox=\"0 0 448 512\" xmlns=\"http:\/\/www.w3.org\/2000\/svg\"><path d=\"M416 208H272V64c0-17.67-14.33-32-32-32h-32c-17.67 0-32 14.33-32 32v144H32c-17.67 0-32 14.33-32 32v32c0 17.67 14.33 32 32 32h144v144c0 17.67 14.33 32 32 32h32c17.67 0 32-14.33 32-32V304h144c17.67 0 32-14.33 32-32v-32c0-17.67-14.33-32-32-32z\"><\/path><\/svg><\/span>\n\t\t\t\t\t\t\t\t<span class=\"elementor-accordion-icon-opened\"><svg class=\"e-font-icon-svg e-fas-minus\" viewbox=\"0 0 448 512\" xmlns=\"http:\/\/www.w3.org\/2000\/svg\"><path d=\"M416 208H32c-17.67 0-32 14.33-32 32v32c0 17.67 14.33 32 32 32h384c17.67 0 32-14.33 32-32v-32c0-17.67-14.33-32-32-32z\"><\/path><\/svg><\/span>\n\t\t\t\t\t\t\t\t\t\t\t\t\t\t<\/span>\n\t\t\t\t\t\t\t\t\t\t\t\t<a class=\"elementor-accordion-title\" tabindex=\"0\">Container Insurance<\/a>\n\t\t\t\t\t<\/div>\n\t\t\t\t\t<div id=\"elementor-tab-content-1722\" class=\"elementor-tab-content elementor-clearfix\" data-tab=\"2\" role=\"region\" aria-labelledby=\"elementor-tab-title-1722\"><p><span style=\"font-weight: 400;\">Annual or per event coverage of your container fleet. Your cargo really insured.<\/span><\/p><\/div>\n\t\t\t\t<\/div>\n\t\t\t\t\t\t\t\t<\/div>\n\t\t\t\t\t\t<\/div>\n\t\t\t\t<\/div>\n\t\t\t\t\t<\/div>\n\t\t\t\t<\/div>\n\t\t\t\t\t<\/div>\n\t\t<\/div>\n\t\t\t\t\t<\/div>\n\t\t<\/section>\n\t\t\t\t<section class=\"elementor-section elementor-top-section elementor-element elementor-element-5e53e8b2 elementor-section-boxed elementor-section-height-default elementor-section-height-default elementor-invisible\" data-id=\"5e53e8b2\" data-element_type=\"section\" data-settings=\"{&quot;animation&quot;:&quot;fadeInDown&quot;}\">\n\t\t\t\t\t\t<div class=\"elementor-container elementor-column-gap-default\">\n\t\t\t\t\t<div class=\"elementor-column elementor-col-50 elementor-top-column elementor-element elementor-element-5635e2da\" data-id=\"5635e2da\" data-element_type=\"column\">\n\t\t\t<div class=\"elementor-widget-wrap elementor-element-populated\">\n\t\t\t\t\t\t<div class=\"elementor-element elementor-element-2553d096 elementor-widget elementor-widget-elementskit-heading\" data-id=\"2553d096\" data-element_type=\"widget\" data-widget_type=\"elementskit-heading.default\">\n\t\t\t\t<div class=\"elementor-widget-container\">\n\t\t\t\t\t<div class=\"ekit-wid-con\" ><div class=\"ekit-heading elementskit-section-title-wraper text_left   ekit_heading_tablet-   ekit_heading_mobile-text_center\"><h2 class=\"ekit-heading--title elementskit-section-title\"><span><span>Contact us at<\/span><\/span><\/h2><\/div><\/div>\t\t\t\t<\/div>\n\t\t\t\t<\/div>\n\t\t\t\t<div class=\"elementor-element elementor-element-69ccb6cb elementor-widget elementor-widget-text-editor\" data-id=\"69ccb6cb\" data-element_type=\"widget\" data-widget_type=\"text-editor.default\">\n\t\t\t\t<div class=\"elementor-widget-container\">\n\t\t\t\t\t\t\t\t\t<p><span style=\"font-weight: 400;\">If you have any doubts or questions, please do not hesitate to contact us and we will get back to you as soon as possible.<\/span><\/p>\t\t\t\t\t\t\t\t<\/div>\n\t\t\t\t<\/div>\n\t\t\t\t\t<\/div>\n\t\t<\/div>\n\t\t\t\t<div class=\"elementor-column elementor-col-50 elementor-top-column elementor-element elementor-element-6b197a3e\" data-id=\"6b197a3e\" data-element_type=\"column\">\n\t\t\t<div class=\"elementor-widget-wrap elementor-element-populated\">\n\t\t\t\t\t\t<div class=\"elementor-element elementor-element-561ccd7 elementor-button-align-start elementor-mobile-button-align-center elementor-widget elementor-widget-form\" data-id=\"561ccd7\" data-element_type=\"widget\" data-settings=\"{&quot;step_next_label&quot;:&quot;Next&quot;,&quot;step_previous_label&quot;:&quot;Previous&quot;,&quot;button_width&quot;:&quot;100&quot;,&quot;step_type&quot;:&quot;number_text&quot;,&quot;step_icon_shape&quot;:&quot;circle&quot;}\" data-widget_type=\"form.default\">\n\t\t\t\t<div class=\"elementor-widget-container\">\n\t\t\t\t\t\t\t<form class=\"elementor-form\" method=\"post\" name=\"New Form\" aria-label=\"New Form\" action=\"\">\n\t\t\t<input type=\"hidden\" name=\"post_id\" value=\"377\"\/>\n\t\t\t<input type=\"hidden\" name=\"form_id\" value=\"561ccd7\"\/>\n\t\t\t<input type=\"hidden\" name=\"referer_title\" value=\"Infinity\" \/>\n\n\t\t\t\n\t\t\t<div class=\"elementor-form-fields-wrapper elementor-labels-above\">\n\t\t\t\t\t\t\t\t<div class=\"elementor-field-type-text elementor-field-group elementor-column elementor-field-group-name elementor-col-50 elementor-field-required elementor-mark-required\">\n\t\t\t\t\t\t\t\t\t\t\t\t<label for=\"form-field-name\" class=\"elementor-field-label\">\n\t\t\t\t\t\t\t\tName\t\t\t\t\t\t\t<\/label>\n\t\t\t\t\t\t\t\t\t\t\t\t\t\t<input size=\"1\" type=\"text\" name=\"form_fields[name]\" id=\"form-field-name\" class=\"elementor-field elementor-size-sm  elementor-field-textual\" required=\"required\">\n\t\t\t\t\t\t\t\t\t\t\t<\/div>\n\t\t\t\t\t\t\t\t<div class=\"elementor-field-type-text elementor-field-group elementor-column elementor-field-group-field_558abcc elementor-col-50 elementor-field-required elementor-mark-required\">\n\t\t\t\t\t\t\t\t\t\t\t\t<label for=\"form-field-field_558abcc\" class=\"elementor-field-label\">\n\t\t\t\t\t\t\t\tLast Name\t\t\t\t\t\t\t<\/label>\n\t\t\t\t\t\t\t\t\t\t\t\t\t\t<input size=\"1\" type=\"text\" name=\"form_fields[field_558abcc]\" id=\"form-field-field_558abcc\" class=\"elementor-field elementor-size-sm  elementor-field-textual\" required=\"required\">\n\t\t\t\t\t\t\t\t\t\t\t<\/div>\n\t\t\t\t\t\t\t\t<div class=\"elementor-field-type-tel elementor-field-group elementor-column elementor-field-group-field_3864b87 elementor-col-100 elementor-field-required elementor-mark-required\">\n\t\t\t\t\t\t\t\t\t\t\t\t<label for=\"form-field-field_3864b87\" class=\"elementor-field-label\">\n\t\t\t\t\t\t\t\tPhone \t\t\t\t\t\t\t<\/label>\n\t\t\t\t\t\t\t\t<input size=\"1\" type=\"tel\" name=\"form_fields[field_3864b87]\" id=\"form-field-field_3864b87\" class=\"elementor-field elementor-size-sm  elementor-field-textual\" required=\"required\" pattern=\"[0-9()#&amp;+*-=.]+\" title=\"Solo se aceptan n\u00fameros y caracteres de tel\u00e9fono (#,-,*,etc).\">\n\n\t\t\t\t\t\t<\/div>\n\t\t\t\t\t\t\t\t<div class=\"elementor-field-type-text elementor-field-group elementor-column elementor-field-group-field_fd9158c elementor-col-100 elementor-field-required elementor-mark-required\">\n\t\t\t\t\t\t\t\t\t\t\t\t<label for=\"form-field-field_fd9158c\" class=\"elementor-field-label\">\n\t\t\t\t\t\t\t\tCompany\t\t\t\t\t\t\t<\/label>\n\t\t\t\t\t\t\t\t\t\t\t\t\t\t<input size=\"1\" type=\"text\" name=\"form_fields[field_fd9158c]\" id=\"form-field-field_fd9158c\" class=\"elementor-field elementor-size-sm  elementor-field-textual\" required=\"required\">\n\t\t\t\t\t\t\t\t\t\t\t<\/div>\n\t\t\t\t\t\t\t\t<div class=\"elementor-field-type-textarea elementor-field-group elementor-column elementor-field-group-message elementor-col-100 elementor-field-required elementor-mark-required\">\n\t\t\t\t\t\t\t\t\t\t\t\t<label for=\"form-field-message\" class=\"elementor-field-label\">\n\t\t\t\t\t\t\t\tMessage\t\t\t\t\t\t\t<\/label>\n\t\t\t\t\t\t<textarea class=\"elementor-field-textual elementor-field  elementor-size-sm\" name=\"form_fields[message]\" id=\"form-field-message\" rows=\"4\" required=\"required\"><\/textarea>\t\t\t\t<\/div>\n\t\t\t\t\t\t\t\t<div class=\"elementor-field-group elementor-column elementor-field-type-submit elementor-col-100 e-form__buttons\">\n\t\t\t\t\t<button class=\"elementor-button elementor-size-sm\" type=\"submit\">\n\t\t\t\t\t\t<span class=\"elementor-button-content-wrapper\">\n\t\t\t\t\t\t\t\t\t\t\t\t\t\t\t\t\t\t\t\t\t\t<span class=\"elementor-button-text\">Send<\/span>\n\t\t\t\t\t\t\t\t\t\t\t\t\t<\/span>\n\t\t\t\t\t<\/button>\n\t\t\t\t<\/div>\n\t\t\t<\/div>\n\t\t<input type=\"hidden\" name=\"trp-form-language\" value=\"eng\"\/><\/form>\n\t\t\t\t\t\t<\/div>\n\t\t\t\t<\/div>\n\t\t\t\t\t<\/div>\n\t\t<\/div>\n\t\t\t\t\t<\/div>\n\t\t<\/section>\n\t\t\t\t<\/div>","protected":false},"excerpt":{"rendered":"<p>Seguro de Responsabilidad Civil para Operadores Log\u00edsticos Protege al Agente de Carga Internacional, otorg\u00e1ndole indemnidad por la mala praxis en su operaci\u00f3n que genere un perjuicio econ\u00f3mico a su cliente. Coberturas P\u00e9rdida o da\u00f1o al contenedor. P\u00e9rdida o da\u00f1o a la carga. Error u omisi\u00f3n: Demora Entrega indebida. Llenado incorrecto. P\u00e9rdida econ\u00f3mica. Almacenamiento temporario. Tr\u00e1mites [&hellip;]<\/p>","protected":false},"author":1,"featured_media":0,"parent":0,"menu_order":0,"comment_status":"closed","ping_status":"closed","template":"elementor_header_footer","meta":{"footnotes":""},"class_list":["post-377","page","type-page","status-publish","hentry"],"yoast_head":"<!-- This site is optimized with the Yoast SEO plugin v26.1.1 - https:\/\/yoast.com\/wordpress\/plugins\/seo\/ -->\n<title>Seguro de Responsabilidad Civil para Operadores Log\u00edsticos - Infinity<\/title>\n<meta name=\"robots\" content=\"index, follow, max-snippet:-1, max-image-preview:large, max-video-preview:-1\" \/>\n<link rel=\"canonical\" href=\"https:\/\/isolutionssa.com\/eng\/seguro-de-responsabilidad-civil-para-operadores-logisticos\/\" \/>\n<meta property=\"og:locale\" content=\"en_US\" \/>\n<meta property=\"og:type\" content=\"article\" \/>\n<meta property=\"og:title\" content=\"Seguro de Responsabilidad Civil para Operadores Log\u00edsticos - Infinity\" \/>\n<meta property=\"og:description\" content=\"Seguro de Responsabilidad Civil para Operadores Log\u00edsticos Protege al Agente de Carga Internacional, otorg\u00e1ndole indemnidad por la mala praxis en su operaci\u00f3n que genere un perjuicio econ\u00f3mico a su cliente. Coberturas P\u00e9rdida o da\u00f1o al contenedor. P\u00e9rdida o da\u00f1o a la carga. Error u omisi\u00f3n: Demora Entrega indebida. Llenado incorrecto. P\u00e9rdida econ\u00f3mica. Almacenamiento temporario. Tr\u00e1mites [&hellip;]\" \/>\n<meta property=\"og:url\" content=\"https:\/\/isolutionssa.com\/eng\/seguro-de-responsabilidad-civil-para-operadores-logisticos\/\" \/>\n<meta property=\"og:site_name\" content=\"Infinity\" \/>\n<meta property=\"article:publisher\" content=\"https:\/\/www.facebook.com\/InfinitySolutionsInternational\/\" \/>\n<meta property=\"article:modified_time\" content=\"2025-07-29T17:16:47+00:00\" \/>\n<meta name=\"twitter:card\" content=\"summary_large_image\" \/>\n<meta name=\"twitter:label1\" content=\"Est. reading time\" \/>\n\t<meta name=\"twitter:data1\" content=\"1 minute\" \/>\n<script type=\"application\/ld+json\" class=\"yoast-schema-graph\">{\"@context\":\"https:\/\/schema.org\",\"@graph\":[{\"@type\":\"WebPage\",\"@id\":\"https:\/\/isolutionssa.com\/seguro-de-responsabilidad-civil-para-operadores-logisticos\/\",\"url\":\"https:\/\/isolutionssa.com\/seguro-de-responsabilidad-civil-para-operadores-logisticos\/\",\"name\":\"Seguro de Responsabilidad Civil para Operadores Log\u00edsticos - Infinity\",\"isPartOf\":{\"@id\":\"https:\/\/isolutionssa.com\/#website\"},\"datePublished\":\"2024-09-25T22:28:49+00:00\",\"dateModified\":\"2025-07-29T17:16:47+00:00\",\"breadcrumb\":{\"@id\":\"https:\/\/isolutionssa.com\/seguro-de-responsabilidad-civil-para-operadores-logisticos\/#breadcrumb\"},\"inLanguage\":\"en-US\",\"potentialAction\":[{\"@type\":\"ReadAction\",\"target\":[\"https:\/\/isolutionssa.com\/seguro-de-responsabilidad-civil-para-operadores-logisticos\/\"]}]},{\"@type\":\"BreadcrumbList\",\"@id\":\"https:\/\/isolutionssa.com\/seguro-de-responsabilidad-civil-para-operadores-logisticos\/#breadcrumb\",\"itemListElement\":[{\"@type\":\"ListItem\",\"position\":1,\"name\":\"Portada\",\"item\":\"https:\/\/isolutionssa.com\/\"},{\"@type\":\"ListItem\",\"position\":2,\"name\":\"Seguro de Responsabilidad Civil para Operadores Log\u00edsticos\"}]},{\"@type\":\"WebSite\",\"@id\":\"https:\/\/isolutionssa.com\/#website\",\"url\":\"https:\/\/isolutionssa.com\/\",\"name\":\"Infinity\",\"description\":\"\",\"publisher\":{\"@id\":\"https:\/\/isolutionssa.com\/#organization\"},\"potentialAction\":[{\"@type\":\"SearchAction\",\"target\":{\"@type\":\"EntryPoint\",\"urlTemplate\":\"https:\/\/isolutionssa.com\/?s={search_term_string}\"},\"query-input\":{\"@type\":\"PropertyValueSpecification\",\"valueRequired\":true,\"valueName\":\"search_term_string\"}}],\"inLanguage\":\"en-US\"},{\"@type\":\"Organization\",\"@id\":\"https:\/\/isolutionssa.com\/#organization\",\"name\":\"Infinity\",\"url\":\"https:\/\/isolutionssa.com\/\",\"logo\":{\"@type\":\"ImageObject\",\"inLanguage\":\"en-US\",\"@id\":\"https:\/\/isolutionssa.com\/#\/schema\/logo\/image\/\",\"url\":\"https:\/\/isolutionssa.com\/wp-content\/uploads\/2024\/06\/LOGO-INFINITY-01.png\",\"contentUrl\":\"https:\/\/isolutionssa.com\/wp-content\/uploads\/2024\/06\/LOGO-INFINITY-01.png\",\"width\":910,\"height\":731,\"caption\":\"Infinity\"},\"image\":{\"@id\":\"https:\/\/isolutionssa.com\/#\/schema\/logo\/image\/\"},\"sameAs\":[\"https:\/\/www.facebook.com\/InfinitySolutionsInternational\/\",\"https:\/\/www.instagram.com\/infinitysolutions_intl\/\"]}]}<\/script>\n<!-- \/ Yoast SEO plugin. -->","yoast_head_json":{"title":"Seguro de Responsabilidad Civil para Operadores Log\u00edsticos - Infinity","robots":{"index":"index","follow":"follow","max-snippet":"max-snippet:-1","max-image-preview":"max-image-preview:large","max-video-preview":"max-video-preview:-1"},"canonical":"https:\/\/isolutionssa.com\/eng\/seguro-de-responsabilidad-civil-para-operadores-logisticos\/","og_locale":"en_US","og_type":"article","og_title":"Seguro de Responsabilidad Civil para Operadores Log\u00edsticos - Infinity","og_description":"Seguro de Responsabilidad Civil para Operadores Log\u00edsticos Protege al Agente de Carga Internacional, otorg\u00e1ndole indemnidad por la mala praxis en su operaci\u00f3n que genere un perjuicio econ\u00f3mico a su cliente. Coberturas P\u00e9rdida o da\u00f1o al contenedor. P\u00e9rdida o da\u00f1o a la carga. Error u omisi\u00f3n: Demora Entrega indebida. Llenado incorrecto. P\u00e9rdida econ\u00f3mica. Almacenamiento temporario. Tr\u00e1mites [&hellip;]","og_url":"https:\/\/isolutionssa.com\/eng\/seguro-de-responsabilidad-civil-para-operadores-logisticos\/","og_site_name":"Infinity","article_publisher":"https:\/\/www.facebook.com\/InfinitySolutionsInternational\/","article_modified_time":"2025-07-29T17:16:47+00:00","twitter_card":"summary_large_image","twitter_misc":{"Est. reading time":"1 minute"},"schema":{"@context":"https:\/\/schema.org","@graph":[{"@type":"WebPage","@id":"https:\/\/isolutionssa.com\/seguro-de-responsabilidad-civil-para-operadores-logisticos\/","url":"https:\/\/isolutionssa.com\/seguro-de-responsabilidad-civil-para-operadores-logisticos\/","name":"Seguro de Responsabilidad Civil para Operadores Log\u00edsticos - Infinity","isPartOf":{"@id":"https:\/\/isolutionssa.com\/#website"},"datePublished":"2024-09-25T22:28:49+00:00","dateModified":"2025-07-29T17:16:47+00:00","breadcrumb":{"@id":"https:\/\/isolutionssa.com\/seguro-de-responsabilidad-civil-para-operadores-logisticos\/#breadcrumb"},"inLanguage":"en-US","potentialAction":[{"@type":"ReadAction","target":["https:\/\/isolutionssa.com\/seguro-de-responsabilidad-civil-para-operadores-logisticos\/"]}]},{"@type":"BreadcrumbList","@id":"https:\/\/isolutionssa.com\/seguro-de-responsabilidad-civil-para-operadores-logisticos\/#breadcrumb","itemListElement":[{"@type":"ListItem","position":1,"name":"Portada","item":"https:\/\/isolutionssa.com\/"},{"@type":"ListItem","position":2,"name":"Seguro de Responsabilidad Civil para Operadores Log\u00edsticos"}]},{"@type":"WebSite","@id":"https:\/\/isolutionssa.com\/#website","url":"https:\/\/isolutionssa.com\/","name":"Infinity","description":"","publisher":{"@id":"https:\/\/isolutionssa.com\/#organization"},"potentialAction":[{"@type":"SearchAction","target":{"@type":"EntryPoint","urlTemplate":"https:\/\/isolutionssa.com\/?s={search_term_string}"},"query-input":{"@type":"PropertyValueSpecification","valueRequired":true,"valueName":"search_term_string"}}],"inLanguage":"en-US"},{"@type":"Organization","@id":"https:\/\/isolutionssa.com\/#organization","name":"Infinity","url":"https:\/\/isolutionssa.com\/","logo":{"@type":"ImageObject","inLanguage":"en-US","@id":"https:\/\/isolutionssa.com\/#\/schema\/logo\/image\/","url":"https:\/\/isolutionssa.com\/wp-content\/uploads\/2024\/06\/LOGO-INFINITY-01.png","contentUrl":"https:\/\/isolutionssa.com\/wp-content\/uploads\/2024\/06\/LOGO-INFINITY-01.png","width":910,"height":731,"caption":"Infinity"},"image":{"@id":"https:\/\/isolutionssa.com\/#\/schema\/logo\/image\/"},"sameAs":["https:\/\/www.facebook.com\/InfinitySolutionsInternational\/","https:\/\/www.instagram.com\/infinitysolutions_intl\/"]}]}},"_links":{"self":[{"href":"https:\/\/isolutionssa.com\/eng\/wp-json\/wp\/v2\/pages\/377","targetHints":{"allow":["GET"]}}],"collection":[{"href":"https:\/\/isolutionssa.com\/eng\/wp-json\/wp\/v2\/pages"}],"about":[{"href":"https:\/\/isolutionssa.com\/eng\/wp-json\/wp\/v2\/types\/page"}],"author":[{"embeddable":true,"href":"https:\/\/isolutionssa.com\/eng\/wp-json\/wp\/v2\/users\/1"}],"replies":[{"embeddable":true,"href":"https:\/\/isolutionssa.com\/eng\/wp-json\/wp\/v2\/comments?post=377"}],"version-history":[{"count":37,"href":"https:\/\/isolutionssa.com\/eng\/wp-json\/wp\/v2\/pages\/377\/revisions"}],"predecessor-version":[{"id":1784,"href":"https:\/\/isolutionssa.com\/eng\/wp-json\/wp\/v2\/pages\/377\/revisions\/1784"}],"wp:attachment":[{"href":"https:\/\/isolutionssa.com\/eng\/wp-json\/wp\/v2\/media?parent=377"}],"curies":[{"name":"wp","href":"https:\/\/api.w.org\/{rel}","templated":true}]}}