{"id":353,"date":"2024-09-25T22:19:39","date_gmt":"2024-09-25T22:19:39","guid":{"rendered":"https:\/\/isolutionssa.com\/?page_id=353"},"modified":"2025-07-29T17:15:33","modified_gmt":"2025-07-29T17:15:33","slug":"seguro-para-contenedores","status":"publish","type":"page","link":"https:\/\/isolutionssa.com\/eng\/seguro-para-contenedores\/","title":{"rendered":"Container Insurance"},"content":{"rendered":"<div data-elementor-type=\"wp-page\" data-elementor-id=\"353\" class=\"elementor elementor-353\" data-elementor-post-type=\"page\">\n\t\t\t\t\t\t<section class=\"elementor-section elementor-top-section elementor-element elementor-element-39fa0b91 elementor-section-height-min-height elementor-section-boxed elementor-section-height-default elementor-section-items-middle elementor-invisible\" data-id=\"39fa0b91\" data-element_type=\"section\" data-settings=\"{&quot;background_background&quot;:&quot;classic&quot;,&quot;animation&quot;:&quot;fadeInDown&quot;}\">\n\t\t\t\t\t\t\t<div class=\"elementor-background-overlay\"><\/div>\n\t\t\t\t\t\t\t<div class=\"elementor-container elementor-column-gap-default\">\n\t\t\t\t\t<div class=\"elementor-column elementor-col-100 elementor-top-column elementor-element elementor-element-56bd9b99\" data-id=\"56bd9b99\" data-element_type=\"column\">\n\t\t\t<div class=\"elementor-widget-wrap elementor-element-populated\">\n\t\t\t\t\t\t\t<\/div>\n\t\t<\/div>\n\t\t\t\t\t<\/div>\n\t\t<\/section>\n\t\t\t\t<section class=\"elementor-section elementor-top-section elementor-element elementor-element-567f2ad4 elementor-section-boxed elementor-section-height-default elementor-section-height-default\" data-id=\"567f2ad4\" data-element_type=\"section\">\n\t\t\t\t\t\t<div class=\"elementor-container elementor-column-gap-default\">\n\t\t\t\t\t<div class=\"elementor-column elementor-col-100 elementor-top-column elementor-element elementor-element-2f46f33f elementor-invisible\" data-id=\"2f46f33f\" data-element_type=\"column\" data-settings=\"{&quot;animation&quot;:&quot;fadeInLeft&quot;}\">\n\t\t\t<div class=\"elementor-widget-wrap elementor-element-populated\">\n\t\t\t\t\t\t<div class=\"elementor-element elementor-element-26629140 elementor-widget elementor-widget-elementskit-heading\" data-id=\"26629140\" data-element_type=\"widget\" data-widget_type=\"elementskit-heading.default\">\n\t\t\t\t<div class=\"elementor-widget-container\">\n\t\t\t\t\t<div class=\"ekit-wid-con\" ><div class=\"ekit-heading elementskit-section-title-wraper text_center   ekit_heading_tablet-   ekit_heading_mobile-\"><h2 class=\"ekit-heading--title elementskit-section-title\">Insurance <span><span>Container<\/span><\/span><\/h2><\/div><\/div>\t\t\t\t<\/div>\n\t\t\t\t<\/div>\n\t\t\t\t<div class=\"elementor-element elementor-element-7ba8f041 elementor-widget-divider--view-line elementor-widget elementor-widget-divider\" data-id=\"7ba8f041\" data-element_type=\"widget\" data-widget_type=\"divider.default\">\n\t\t\t\t<div class=\"elementor-widget-container\">\n\t\t\t\t\t\t\t<div class=\"elementor-divider\">\n\t\t\t<span class=\"elementor-divider-separator\">\n\t\t\t\t\t\t<\/span>\n\t\t<\/div>\n\t\t\t\t\t\t<\/div>\n\t\t\t\t<\/div>\n\t\t\t\t<div class=\"elementor-element elementor-element-228a01b6 elementor-widget__width-initial elementor-widget-mobile__width-initial elementor-widget elementor-widget-text-editor\" data-id=\"228a01b6\" data-element_type=\"widget\" data-widget_type=\"text-editor.default\">\n\t\t\t\t<div class=\"elementor-widget-container\">\n\t\t\t\t\t\t\t\t\t<p>Protect your investment with our container insurance, designed specifically for logistics companies, international transportation and port operators.<\/p><p>We provide comprehensive coverage to guarantee the security of your containers and minimize financial risks at every stage of your operations. Ideal for companies that handle large volumes of merchandise, this insurance offers peace of mind and support in the event of any unforeseen event, ensuring the continuity of your business.<\/p>\t\t\t\t\t\t\t\t<\/div>\n\t\t\t\t<\/div>\n\t\t\t\t\t<\/div>\n\t\t<\/div>\n\t\t\t\t\t<\/div>\n\t\t<\/section>\n\t\t\t\t<section class=\"elementor-section elementor-top-section elementor-element elementor-element-208d671f elementor-section-boxed elementor-section-height-default elementor-section-height-default\" data-id=\"208d671f\" data-element_type=\"section\" data-settings=\"{&quot;background_background&quot;:&quot;classic&quot;}\">\n\t\t\t\t\t\t\t<div class=\"elementor-background-overlay\"><\/div>\n\t\t\t\t\t\t\t<div class=\"elementor-container elementor-column-gap-default\">\n\t\t\t\t\t<div class=\"elementor-column elementor-col-100 elementor-top-column elementor-element elementor-element-53b959a\" data-id=\"53b959a\" data-element_type=\"column\">\n\t\t\t<div class=\"elementor-widget-wrap elementor-element-populated\">\n\t\t\t\t<div class=\"elementor-element elementor-element-2041b3bb e-flex e-con-boxed elementor-invisible e-con e-parent\" data-id=\"2041b3bb\" data-element_type=\"container\" data-settings=\"{&quot;animation&quot;:&quot;fadeInDown&quot;}\">\n\t\t\t\t\t<div class=\"e-con-inner\">\n\t\t\t\t<div class=\"elementor-element elementor-element-59945f43 elementor-widget elementor-widget-accordion\" data-id=\"59945f43\" data-element_type=\"widget\" data-widget_type=\"accordion.default\">\n\t\t\t\t<div class=\"elementor-widget-container\">\n\t\t\t\t\t\t\t<div class=\"elementor-accordion\">\n\t\t\t\t\t\t\t<div class=\"elementor-accordion-item\">\n\t\t\t\t\t<div id=\"elementor-tab-title-1501\" class=\"elementor-tab-title\" data-tab=\"1\" role=\"button\" aria-controls=\"elementor-tab-content-1501\" aria-expanded=\"false\">\n\t\t\t\t\t\t\t\t\t\t\t\t\t<span class=\"elementor-accordion-icon elementor-accordion-icon-left\" aria-hidden=\"true\">\n\t\t\t\t\t\t\t\t\t\t\t\t\t\t\t<span class=\"elementor-accordion-icon-closed\"><svg class=\"e-font-icon-svg e-fas-plus\" viewbox=\"0 0 448 512\" xmlns=\"http:\/\/www.w3.org\/2000\/svg\"><path d=\"M416 208H272V64c0-17.67-14.33-32-32-32h-32c-17.67 0-32 14.33-32 32v144H32c-17.67 0-32 14.33-32 32v32c0 17.67 14.33 32 32 32h144v144c0 17.67 14.33 32 32 32h32c17.67 0 32-14.33 32-32V304h144c17.67 0 32-14.33 32-32v-32c0-17.67-14.33-32-32-32z\"><\/path><\/svg><\/span>\n\t\t\t\t\t\t\t\t<span class=\"elementor-accordion-icon-opened\"><svg class=\"e-font-icon-svg e-fas-minus\" viewbox=\"0 0 448 512\" xmlns=\"http:\/\/www.w3.org\/2000\/svg\"><path d=\"M416 208H32c-17.67 0-32 14.33-32 32v32c0 17.67 14.33 32 32 32h384c17.67 0 32-14.33 32-32v-32c0-17.67-14.33-32-32-32z\"><\/path><\/svg><\/span>\n\t\t\t\t\t\t\t\t\t\t\t\t\t\t<\/span>\n\t\t\t\t\t\t\t\t\t\t\t\t<a class=\"elementor-accordion-title\" tabindex=\"0\">Main coverages<\/a>\n\t\t\t\t\t<\/div>\n\t\t\t\t\t<div id=\"elementor-tab-content-1501\" class=\"elementor-tab-content elementor-clearfix\" data-tab=\"1\" role=\"region\" aria-labelledby=\"elementor-tab-title-1501\"><ul><li style=\"font-weight: 400;\" aria-level=\"1\"><span style=\"font-weight: 400;\">Theft<\/span><\/li><li style=\"font-weight: 400;\" aria-level=\"1\"><span style=\"font-weight: 400;\">Crash, overturning, derailment and\/or derailment of the transporting vehicle, collapse, falling trees or poles, fire, explosion, lightning, hurricane, cyclone, tornado, flood, alluvium or avalanche.<\/span><\/li><\/ul><\/div>\n\t\t\t\t<\/div>\n\t\t\t\t\t\t\t<div class=\"elementor-accordion-item\">\n\t\t\t\t\t<div id=\"elementor-tab-title-1502\" class=\"elementor-tab-title\" data-tab=\"2\" role=\"button\" aria-controls=\"elementor-tab-content-1502\" aria-expanded=\"false\">\n\t\t\t\t\t\t\t\t\t\t\t\t\t<span class=\"elementor-accordion-icon elementor-accordion-icon-left\" aria-hidden=\"true\">\n\t\t\t\t\t\t\t\t\t\t\t\t\t\t\t<span class=\"elementor-accordion-icon-closed\"><svg class=\"e-font-icon-svg e-fas-plus\" viewbox=\"0 0 448 512\" xmlns=\"http:\/\/www.w3.org\/2000\/svg\"><path d=\"M416 208H272V64c0-17.67-14.33-32-32-32h-32c-17.67 0-32 14.33-32 32v144H32c-17.67 0-32 14.33-32 32v32c0 17.67 14.33 32 32 32h144v144c0 17.67 14.33 32 32 32h32c17.67 0 32-14.33 32-32V304h144c17.67 0 32-14.33 32-32v-32c0-17.67-14.33-32-32-32z\"><\/path><\/svg><\/span>\n\t\t\t\t\t\t\t\t<span class=\"elementor-accordion-icon-opened\"><svg class=\"e-font-icon-svg e-fas-minus\" viewbox=\"0 0 448 512\" xmlns=\"http:\/\/www.w3.org\/2000\/svg\"><path d=\"M416 208H32c-17.67 0-32 14.33-32 32v32c0 17.67 14.33 32 32 32h384c17.67 0 32-14.33 32-32v-32c0-17.67-14.33-32-32-32z\"><\/path><\/svg><\/span>\n\t\t\t\t\t\t\t\t\t\t\t\t\t\t<\/span>\n\t\t\t\t\t\t\t\t\t\t\t\t<a class=\"elementor-accordion-title\" tabindex=\"0\">Additional coverage<\/a>\n\t\t\t\t\t<\/div>\n\t\t\t\t\t<div id=\"elementor-tab-content-1502\" class=\"elementor-tab-content elementor-clearfix\" data-tab=\"2\" role=\"region\" aria-labelledby=\"elementor-tab-title-1502\"><ul><li style=\"font-weight: 400;\" aria-level=\"1\"><span style=\"font-weight: 400;\">Damage during loading and\/or unloading<\/span><\/li><li style=\"font-weight: 400;\" aria-level=\"1\"><span style=\"font-weight: 400;\">Inland carrier exemption<\/span><\/li><li style=\"font-weight: 400;\" aria-level=\"1\"><span style=\"font-weight: 400;\">Extracontractual civil liability<\/span><\/li><\/ul><\/div>\n\t\t\t\t<\/div>\n\t\t\t\t\t\t\t\t<\/div>\n\t\t\t\t\t\t<\/div>\n\t\t\t\t<\/div>\n\t\t\t\t\t<\/div>\n\t\t\t\t<\/div>\n\t\t\t\t\t<\/div>\n\t\t<\/div>\n\t\t\t\t\t<\/div>\n\t\t<\/section>\n\t\t\t\t<section class=\"elementor-section elementor-top-section elementor-element elementor-element-2f1cd2d2 elementor-section-boxed elementor-section-height-default elementor-section-height-default elementor-invisible\" data-id=\"2f1cd2d2\" data-element_type=\"section\" data-settings=\"{&quot;animation&quot;:&quot;fadeInDown&quot;}\">\n\t\t\t\t\t\t<div class=\"elementor-container elementor-column-gap-default\">\n\t\t\t\t\t<div class=\"elementor-column elementor-col-50 elementor-top-column elementor-element elementor-element-2e377cb8\" data-id=\"2e377cb8\" data-element_type=\"column\">\n\t\t\t<div class=\"elementor-widget-wrap elementor-element-populated\">\n\t\t\t\t\t\t<div class=\"elementor-element elementor-element-5586c052 elementor-widget elementor-widget-elementskit-heading\" data-id=\"5586c052\" data-element_type=\"widget\" data-widget_type=\"elementskit-heading.default\">\n\t\t\t\t<div class=\"elementor-widget-container\">\n\t\t\t\t\t<div class=\"ekit-wid-con\" ><div class=\"ekit-heading elementskit-section-title-wraper text_left   ekit_heading_tablet-   ekit_heading_mobile-text_center\"><h2 class=\"ekit-heading--title elementskit-section-title\"><span><span>Contact us at<\/span><\/span><\/h2><\/div><\/div>\t\t\t\t<\/div>\n\t\t\t\t<\/div>\n\t\t\t\t<div class=\"elementor-element elementor-element-4a9e9229 elementor-widget elementor-widget-text-editor\" data-id=\"4a9e9229\" data-element_type=\"widget\" data-widget_type=\"text-editor.default\">\n\t\t\t\t<div class=\"elementor-widget-container\">\n\t\t\t\t\t\t\t\t\t<p><span style=\"font-weight: 400;\">If you have any doubts or questions, please do not hesitate to contact us and we will get back to you as soon as possible.<\/span><\/p>\t\t\t\t\t\t\t\t<\/div>\n\t\t\t\t<\/div>\n\t\t\t\t\t<\/div>\n\t\t<\/div>\n\t\t\t\t<div class=\"elementor-column elementor-col-50 elementor-top-column elementor-element elementor-element-2f5d991\" data-id=\"2f5d991\" data-element_type=\"column\">\n\t\t\t<div class=\"elementor-widget-wrap elementor-element-populated\">\n\t\t\t\t\t\t<div class=\"elementor-element elementor-element-44d5efa2 elementor-button-align-start elementor-mobile-button-align-center elementor-widget elementor-widget-form\" data-id=\"44d5efa2\" data-element_type=\"widget\" data-settings=\"{&quot;step_next_label&quot;:&quot;Next&quot;,&quot;step_previous_label&quot;:&quot;Previous&quot;,&quot;button_width&quot;:&quot;100&quot;,&quot;step_type&quot;:&quot;number_text&quot;,&quot;step_icon_shape&quot;:&quot;circle&quot;}\" data-widget_type=\"form.default\">\n\t\t\t\t<div class=\"elementor-widget-container\">\n\t\t\t\t\t\t\t<form class=\"elementor-form\" method=\"post\" name=\"New Form\" aria-label=\"New Form\" action=\"\">\n\t\t\t<input type=\"hidden\" name=\"post_id\" value=\"353\"\/>\n\t\t\t<input type=\"hidden\" name=\"form_id\" value=\"44d5efa2\"\/>\n\t\t\t<input type=\"hidden\" name=\"referer_title\" value=\"Infinity\" \/>\n\n\t\t\t\n\t\t\t<div class=\"elementor-form-fields-wrapper elementor-labels-above\">\n\t\t\t\t\t\t\t\t<div class=\"elementor-field-type-text elementor-field-group elementor-column elementor-field-group-name elementor-col-50 elementor-field-required elementor-mark-required\">\n\t\t\t\t\t\t\t\t\t\t\t\t<label for=\"form-field-name\" class=\"elementor-field-label\">\n\t\t\t\t\t\t\t\tName\t\t\t\t\t\t\t<\/label>\n\t\t\t\t\t\t\t\t\t\t\t\t\t\t<input size=\"1\" type=\"text\" name=\"form_fields[name]\" id=\"form-field-name\" class=\"elementor-field elementor-size-sm  elementor-field-textual\" required=\"required\">\n\t\t\t\t\t\t\t\t\t\t\t<\/div>\n\t\t\t\t\t\t\t\t<div class=\"elementor-field-type-text elementor-field-group elementor-column elementor-field-group-field_558abcc elementor-col-50 elementor-field-required elementor-mark-required\">\n\t\t\t\t\t\t\t\t\t\t\t\t<label for=\"form-field-field_558abcc\" class=\"elementor-field-label\">\n\t\t\t\t\t\t\t\tLast Name\t\t\t\t\t\t\t<\/label>\n\t\t\t\t\t\t\t\t\t\t\t\t\t\t<input size=\"1\" type=\"text\" name=\"form_fields[field_558abcc]\" id=\"form-field-field_558abcc\" class=\"elementor-field elementor-size-sm  elementor-field-textual\" required=\"required\">\n\t\t\t\t\t\t\t\t\t\t\t<\/div>\n\t\t\t\t\t\t\t\t<div class=\"elementor-field-type-tel elementor-field-group elementor-column elementor-field-group-field_3864b87 elementor-col-100 elementor-field-required elementor-mark-required\">\n\t\t\t\t\t\t\t\t\t\t\t\t<label for=\"form-field-field_3864b87\" class=\"elementor-field-label\">\n\t\t\t\t\t\t\t\tPhone \t\t\t\t\t\t\t<\/label>\n\t\t\t\t\t\t\t\t<input size=\"1\" type=\"tel\" name=\"form_fields[field_3864b87]\" id=\"form-field-field_3864b87\" class=\"elementor-field elementor-size-sm  elementor-field-textual\" required=\"required\" pattern=\"[0-9()#&amp;+*-=.]+\" title=\"Only numbers and phone characters (#, -, *, etc) are accepted.\">\n\n\t\t\t\t\t\t<\/div>\n\t\t\t\t\t\t\t\t<div class=\"elementor-field-type-text elementor-field-group elementor-column elementor-field-group-field_fd9158c elementor-col-100 elementor-field-required elementor-mark-required\">\n\t\t\t\t\t\t\t\t\t\t\t\t<label for=\"form-field-field_fd9158c\" class=\"elementor-field-label\">\n\t\t\t\t\t\t\t\tCompany\t\t\t\t\t\t\t<\/label>\n\t\t\t\t\t\t\t\t\t\t\t\t\t\t<input size=\"1\" type=\"text\" name=\"form_fields[field_fd9158c]\" id=\"form-field-field_fd9158c\" class=\"elementor-field elementor-size-sm  elementor-field-textual\" required=\"required\">\n\t\t\t\t\t\t\t\t\t\t\t<\/div>\n\t\t\t\t\t\t\t\t<div class=\"elementor-field-type-textarea elementor-field-group elementor-column elementor-field-group-message elementor-col-100 elementor-field-required elementor-mark-required\">\n\t\t\t\t\t\t\t\t\t\t\t\t<label for=\"form-field-message\" class=\"elementor-field-label\">\n\t\t\t\t\t\t\t\tMessage\t\t\t\t\t\t\t<\/label>\n\t\t\t\t\t\t<textarea class=\"elementor-field-textual elementor-field  elementor-size-sm\" name=\"form_fields[message]\" id=\"form-field-message\" rows=\"4\" required=\"required\"><\/textarea>\t\t\t\t<\/div>\n\t\t\t\t\t\t\t\t<div class=\"elementor-field-group elementor-column elementor-field-type-submit elementor-col-100 e-form__buttons\">\n\t\t\t\t\t<button class=\"elementor-button elementor-size-sm\" type=\"submit\">\n\t\t\t\t\t\t<span class=\"elementor-button-content-wrapper\">\n\t\t\t\t\t\t\t\t\t\t\t\t\t\t\t\t\t\t\t\t\t\t<span class=\"elementor-button-text\">Send<\/span>\n\t\t\t\t\t\t\t\t\t\t\t\t\t<\/span>\n\t\t\t\t\t<\/button>\n\t\t\t\t<\/div>\n\t\t\t<\/div>\n\t\t<input type=\"hidden\" name=\"trp-form-language\" value=\"eng\"\/><\/form>\n\t\t\t\t\t\t<\/div>\n\t\t\t\t<\/div>\n\t\t\t\t\t<\/div>\n\t\t<\/div>\n\t\t\t\t\t<\/div>\n\t\t<\/section>\n\t\t\t\t<\/div>","protected":false},"excerpt":{"rendered":"<p>Seguro de Contenedores Proteja su inversi\u00f3n con nuestro seguro de contenedores, dise\u00f1ado espec\u00edficamente para empresas de log\u00edstica, transporte internacional y operadores portuarios. Brindamos cobertura integral para garantizar la seguridad de sus contenedores y minimizar riesgos financieros en cada etapa de sus operaciones. Ideal para empresas que manejan grandes vol\u00famenes de mercanc\u00eda, este seguro le ofrece [&hellip;]<\/p>","protected":false},"author":1,"featured_media":0,"parent":0,"menu_order":0,"comment_status":"closed","ping_status":"closed","template":"elementor_header_footer","meta":{"footnotes":""},"class_list":["post-353","page","type-page","status-publish","hentry"],"yoast_head":"<!-- This site is optimized with the Yoast SEO plugin v26.1.1 - https:\/\/yoast.com\/wordpress\/plugins\/seo\/ -->\n<title>Seguro para Contenedores - Infinity<\/title>\n<meta name=\"robots\" content=\"index, follow, max-snippet:-1, max-image-preview:large, max-video-preview:-1\" \/>\n<link rel=\"canonical\" href=\"https:\/\/isolutionssa.com\/eng\/seguro-para-contenedores\/\" \/>\n<meta property=\"og:locale\" content=\"en_US\" \/>\n<meta property=\"og:type\" content=\"article\" \/>\n<meta property=\"og:title\" content=\"Seguro para Contenedores - Infinity\" \/>\n<meta property=\"og:description\" content=\"Seguro de Contenedores Proteja su inversi\u00f3n con nuestro seguro de contenedores, dise\u00f1ado espec\u00edficamente para empresas de log\u00edstica, transporte internacional y operadores portuarios. Brindamos cobertura integral para garantizar la seguridad de sus contenedores y minimizar riesgos financieros en cada etapa de sus operaciones. Ideal para empresas que manejan grandes vol\u00famenes de mercanc\u00eda, este seguro le ofrece [&hellip;]\" \/>\n<meta property=\"og:url\" content=\"https:\/\/isolutionssa.com\/eng\/seguro-para-contenedores\/\" \/>\n<meta property=\"og:site_name\" content=\"Infinity\" \/>\n<meta property=\"article:publisher\" content=\"https:\/\/www.facebook.com\/InfinitySolutionsInternational\/\" \/>\n<meta property=\"article:modified_time\" content=\"2025-07-29T17:15:33+00:00\" \/>\n<meta name=\"twitter:card\" content=\"summary_large_image\" \/>\n<meta name=\"twitter:label1\" content=\"Est. reading time\" \/>\n\t<meta name=\"twitter:data1\" content=\"1 minute\" \/>\n<script type=\"application\/ld+json\" class=\"yoast-schema-graph\">{\"@context\":\"https:\/\/schema.org\",\"@graph\":[{\"@type\":\"WebPage\",\"@id\":\"https:\/\/isolutionssa.com\/seguro-para-contenedores\/\",\"url\":\"https:\/\/isolutionssa.com\/seguro-para-contenedores\/\",\"name\":\"Seguro para Contenedores - Infinity\",\"isPartOf\":{\"@id\":\"https:\/\/isolutionssa.com\/#website\"},\"datePublished\":\"2024-09-25T22:19:39+00:00\",\"dateModified\":\"2025-07-29T17:15:33+00:00\",\"breadcrumb\":{\"@id\":\"https:\/\/isolutionssa.com\/seguro-para-contenedores\/#breadcrumb\"},\"inLanguage\":\"en-US\",\"potentialAction\":[{\"@type\":\"ReadAction\",\"target\":[\"https:\/\/isolutionssa.com\/seguro-para-contenedores\/\"]}]},{\"@type\":\"BreadcrumbList\",\"@id\":\"https:\/\/isolutionssa.com\/seguro-para-contenedores\/#breadcrumb\",\"itemListElement\":[{\"@type\":\"ListItem\",\"position\":1,\"name\":\"Portada\",\"item\":\"https:\/\/isolutionssa.com\/\"},{\"@type\":\"ListItem\",\"position\":2,\"name\":\"Seguro para Contenedores\"}]},{\"@type\":\"WebSite\",\"@id\":\"https:\/\/isolutionssa.com\/#website\",\"url\":\"https:\/\/isolutionssa.com\/\",\"name\":\"Infinity\",\"description\":\"\",\"publisher\":{\"@id\":\"https:\/\/isolutionssa.com\/#organization\"},\"potentialAction\":[{\"@type\":\"SearchAction\",\"target\":{\"@type\":\"EntryPoint\",\"urlTemplate\":\"https:\/\/isolutionssa.com\/?s={search_term_string}\"},\"query-input\":{\"@type\":\"PropertyValueSpecification\",\"valueRequired\":true,\"valueName\":\"search_term_string\"}}],\"inLanguage\":\"en-US\"},{\"@type\":\"Organization\",\"@id\":\"https:\/\/isolutionssa.com\/#organization\",\"name\":\"Infinity\",\"url\":\"https:\/\/isolutionssa.com\/\",\"logo\":{\"@type\":\"ImageObject\",\"inLanguage\":\"en-US\",\"@id\":\"https:\/\/isolutionssa.com\/#\/schema\/logo\/image\/\",\"url\":\"https:\/\/isolutionssa.com\/wp-content\/uploads\/2024\/06\/LOGO-INFINITY-01.png\",\"contentUrl\":\"https:\/\/isolutionssa.com\/wp-content\/uploads\/2024\/06\/LOGO-INFINITY-01.png\",\"width\":910,\"height\":731,\"caption\":\"Infinity\"},\"image\":{\"@id\":\"https:\/\/isolutionssa.com\/#\/schema\/logo\/image\/\"},\"sameAs\":[\"https:\/\/www.facebook.com\/InfinitySolutionsInternational\/\",\"https:\/\/www.instagram.com\/infinitysolutions_intl\/\"]}]}<\/script>\n<!-- \/ Yoast SEO plugin. -->","yoast_head_json":{"title":"Seguro para Contenedores - Infinity","robots":{"index":"index","follow":"follow","max-snippet":"max-snippet:-1","max-image-preview":"max-image-preview:large","max-video-preview":"max-video-preview:-1"},"canonical":"https:\/\/isolutionssa.com\/eng\/seguro-para-contenedores\/","og_locale":"en_US","og_type":"article","og_title":"Seguro para Contenedores - Infinity","og_description":"Seguro de Contenedores Proteja su inversi\u00f3n con nuestro seguro de contenedores, dise\u00f1ado espec\u00edficamente para empresas de log\u00edstica, transporte internacional y operadores portuarios. Brindamos cobertura integral para garantizar la seguridad de sus contenedores y minimizar riesgos financieros en cada etapa de sus operaciones. Ideal para empresas que manejan grandes vol\u00famenes de mercanc\u00eda, este seguro le ofrece [&hellip;]","og_url":"https:\/\/isolutionssa.com\/eng\/seguro-para-contenedores\/","og_site_name":"Infinity","article_publisher":"https:\/\/www.facebook.com\/InfinitySolutionsInternational\/","article_modified_time":"2025-07-29T17:15:33+00:00","twitter_card":"summary_large_image","twitter_misc":{"Est. reading time":"1 minute"},"schema":{"@context":"https:\/\/schema.org","@graph":[{"@type":"WebPage","@id":"https:\/\/isolutionssa.com\/seguro-para-contenedores\/","url":"https:\/\/isolutionssa.com\/seguro-para-contenedores\/","name":"Seguro para Contenedores - Infinity","isPartOf":{"@id":"https:\/\/isolutionssa.com\/#website"},"datePublished":"2024-09-25T22:19:39+00:00","dateModified":"2025-07-29T17:15:33+00:00","breadcrumb":{"@id":"https:\/\/isolutionssa.com\/seguro-para-contenedores\/#breadcrumb"},"inLanguage":"en-US","potentialAction":[{"@type":"ReadAction","target":["https:\/\/isolutionssa.com\/seguro-para-contenedores\/"]}]},{"@type":"BreadcrumbList","@id":"https:\/\/isolutionssa.com\/seguro-para-contenedores\/#breadcrumb","itemListElement":[{"@type":"ListItem","position":1,"name":"Portada","item":"https:\/\/isolutionssa.com\/"},{"@type":"ListItem","position":2,"name":"Seguro para Contenedores"}]},{"@type":"WebSite","@id":"https:\/\/isolutionssa.com\/#website","url":"https:\/\/isolutionssa.com\/","name":"Infinity","description":"","publisher":{"@id":"https:\/\/isolutionssa.com\/#organization"},"potentialAction":[{"@type":"SearchAction","target":{"@type":"EntryPoint","urlTemplate":"https:\/\/isolutionssa.com\/?s={search_term_string}"},"query-input":{"@type":"PropertyValueSpecification","valueRequired":true,"valueName":"search_term_string"}}],"inLanguage":"en-US"},{"@type":"Organization","@id":"https:\/\/isolutionssa.com\/#organization","name":"Infinity","url":"https:\/\/isolutionssa.com\/","logo":{"@type":"ImageObject","inLanguage":"en-US","@id":"https:\/\/isolutionssa.com\/#\/schema\/logo\/image\/","url":"https:\/\/isolutionssa.com\/wp-content\/uploads\/2024\/06\/LOGO-INFINITY-01.png","contentUrl":"https:\/\/isolutionssa.com\/wp-content\/uploads\/2024\/06\/LOGO-INFINITY-01.png","width":910,"height":731,"caption":"Infinity"},"image":{"@id":"https:\/\/isolutionssa.com\/#\/schema\/logo\/image\/"},"sameAs":["https:\/\/www.facebook.com\/InfinitySolutionsInternational\/","https:\/\/www.instagram.com\/infinitysolutions_intl\/"]}]}},"_links":{"self":[{"href":"https:\/\/isolutionssa.com\/eng\/wp-json\/wp\/v2\/pages\/353","targetHints":{"allow":["GET"]}}],"collection":[{"href":"https:\/\/isolutionssa.com\/eng\/wp-json\/wp\/v2\/pages"}],"about":[{"href":"https:\/\/isolutionssa.com\/eng\/wp-json\/wp\/v2\/types\/page"}],"author":[{"embeddable":true,"href":"https:\/\/isolutionssa.com\/eng\/wp-json\/wp\/v2\/users\/1"}],"replies":[{"embeddable":true,"href":"https:\/\/isolutionssa.com\/eng\/wp-json\/wp\/v2\/comments?post=353"}],"version-history":[{"count":31,"href":"https:\/\/isolutionssa.com\/eng\/wp-json\/wp\/v2\/pages\/353\/revisions"}],"predecessor-version":[{"id":1778,"href":"https:\/\/isolutionssa.com\/eng\/wp-json\/wp\/v2\/pages\/353\/revisions\/1778"}],"wp:attachment":[{"href":"https:\/\/isolutionssa.com\/eng\/wp-json\/wp\/v2\/media?parent=353"}],"curies":[{"name":"wp","href":"https:\/\/api.w.org\/{rel}","templated":true}]}}